{"id":874,"date":"2021-08-19T16:21:27","date_gmt":"2021-08-19T16:21:27","guid":{"rendered":"https:\/\/www.losexpertosenseguridad.net\/sitios\/mides\/nosotros-copy\/"},"modified":"2021-08-19T16:21:27","modified_gmt":"2021-08-19T16:21:27","slug":"tratamiento-de-desechos","status":"publish","type":"page","link":"https:\/\/mides.com.sv\/en\/tratamiento-de-desechos\/","title":{"rendered":"Harvest"},"content":{"rendered":"<section  class=\"content-section no-spacing\" ><div class=\"container\"><div class=\"vc_row wpb_row vc_row-fluid vc_custom_1629302128163\"><div class=\"wpb_column vc_column_container vc_col-sm-12\"><div class=\"vc_column-inner\"><div class=\"wpb_wrapper\"><div class=\"vc_row wpb_row vc_inner vc_row-fluid\"><div class=\"wpb_column vc_column_container vc_col-sm-12\"><div class=\"vc_column-inner\"><div class=\"wpb_wrapper\"><\/div><\/div><\/div><\/div><div class=\"vc_row wpb_row vc_inner vc_row-fluid vc_custom_1629304440141 vc_row-o-content-middle vc_row-flex\"><div class=\"wpb_column vc_column_container vc_col-sm-12 vc_col-md-6\"><div class=\"vc_column-inner\"><div class=\"wpb_wrapper\"><figure class=\"side-image\" > <img decoding=\"async\" src=\"https:\/\/mides.com.sv\/wp-content\/uploads\/2021\/08\/Tratamiento05.jpg\" alt=\"\">\n\n\t\n\t\t\n\t\n<\/figure>\n<\/div><\/div><\/div><div class=\"wpb_column vc_column_container vc_col-sm-12 vc_col-md-6\"><div class=\"vc_column-inner\"><div class=\"wpb_wrapper\">\n\n\n\n<div class=\"side-content left\" >\n  \t<h2>How do we do it?<\/h2>\n<p>At MIDES we provide the service of collection and final disposal of different types of waste, as approved by the Ministry of the Environment and Natural Resources (MARN) of El Salvador.<\/p>\n<p>We have a fleet with a diversity of equipment, to provide our clients with a comprehensive solution to their needs in waste collection. <\/p>\n      <\/div>\n<\/div><\/div><\/div><\/div><\/div><\/div><\/div><\/div><\/div><\/section><div class=\"container\"><div data-vc-full-width=\"true\" data-vc-full-width-init=\"false\" class=\"vc_row wpb_row vc_row-fluid vc_custom_1629386491804 vc_row-has-fill\"><div class=\"wpb_column vc_column_container vc_col-sm-12\"><div class=\"vc_column-inner\"><div class=\"wpb_wrapper\"><div class=\"vc_row wpb_row vc_inner vc_row-fluid\"><div class=\"wpb_column vc_column_container vc_col-sm-12\"><div class=\"vc_column-inner\"><div class=\"wpb_wrapper\"><div class=\"section-title\"  style='color:#212529;' >\n\t\n\t\n\t\n\t\n\t \t<figure> <img decoding=\"async\" src=\"https:\/\/mides.com.sv\/wp-content\/themes\/seodo\/images\/section-title-shape.png\" alt=\"Image\"> <\/figure>\n\t\t\n    <h6> Servicio de <\/h6>\n      <h2>Logistics<\/h2>\n  \t\n\t <\/div>\n<\/div><\/div><\/div><\/div><div class=\"vc_row wpb_row vc_inner vc_row-fluid noheight Objetivos\"><div class=\"wpb_column vc_column_container vc_col-sm-12\"><div class=\"vc_column-inner\"><div class=\"wpb_wrapper\"><div class=\"icon-box  left\" >\n  <figure> <img decoding=\"async\" src=\"https:\/\/mides.com.sv\/wp-content\/uploads\/2021\/08\/Recoleccion.png\" alt=\"Recoleccion\"> <\/figure>\n  <div class=\"content\">\n        <h6>OUR FLEET<\/h6>\n<p>We have a fleet of various types of equipment to provide our clients with a comprehensive solution to their waste collection needs.<\/p>\n      <\/div>\n  <!-- end content --> \n  \n<\/div>\n<\/div><\/div><\/div><\/div><div class=\"vc_row wpb_row vc_inner vc_row-fluid vc_row-o-content-middle vc_row-flex\"><div class=\"wpb_column vc_column_container vc_col-sm-6\"><div class=\"vc_column-inner\"><div class=\"wpb_wrapper\"><figure class=\"side-image\" > <img decoding=\"async\" src=\"https:\/\/mides.com.sv\/wp-content\/uploads\/2021\/08\/Proceso2.jpg\" alt=\"\">\n\n\t\n\t\t\n\t\n<\/figure>\n<\/div><\/div><\/div><div class=\"wpb_column vc_column_container vc_col-sm-6\"><div class=\"vc_column-inner\"><div class=\"wpb_wrapper\">\n\n\n\n<div class=\"side-content right\" >\n  \t<h6>Transport<\/h6>\n<p>The equipment has the capacity to transport 30 tons per trip in a single truck. Our gondolas have the capacity to transport approximately the amounts of waste of between 5 to 6 conventional garbage trucks.<\/p>\n<p>At the same time, we have a service for the collection and transport of solid, special and infectious biological waste, through the following equipment:<\/p>\n<ul>\n<li>Compactors from 8 to 14 tons.<\/li>\n<li>2 to 8 ton vans.<\/li>\n<li>Hydraulic dump trucks.<\/li>\n<li>Rolloff Rollon equipment.<\/li>\n<li>Pipes<\/li>\n<li>30-ton gondolas.<\/li>\n<\/ul>\n      <\/div>\n<\/div><\/div><\/div><\/div><div class=\"vc_row wpb_row vc_inner vc_row-fluid vc_custom_1629393283949 vc_row-o-content-middle vc_row-flex\"><div class=\"wpb_column vc_column_container vc_col-sm-6\"><div class=\"vc_column-inner\"><div class=\"wpb_wrapper\">\n\n\n\n<div class=\"side-content right\" >\n  \t<h6>Transfer points<\/h6>\n<p>Our Transfer Points are strategically distributed throughout the country, as temporary stations for the transfer of solid waste.<\/p>\n<p>The collection teams, which transport from 2 to 10 tons through compactors, stake trucks, vans and \/ or dump trucks, deposit their waste in higher capacity equipment, called Gondolas.<\/p>\n<p>The Gondolas has a load capacity of approximately between 24 and 30 tons. It is through this machinery that the transfer to the Sanitary Landfill in Nejapa is carried out.<\/p>\n<p>The transfer stations provide direct benefits for citizens, municipal administrations and the care of the environment, among them:<\/p>\n<ul>\n<li>Reduces transportation and maintenance costs.<\/li>\n<li>Makes collection services efficient.<\/li>\n<li>Lowers air and soil pollution levels during transportation.<\/li>\n<li>Vehicle traffic decreases.<\/li>\n<li>Allows municipalities to expand waste collection coverage with fewer teams.<\/li>\n<\/ul>\n<p>Our final disposition takes into account Acceptable Waste and Special Waste.<\/p>\n      <\/div>\n<\/div><\/div><\/div><div class=\"wpb_column vc_column_container vc_col-sm-6\"><div class=\"vc_column-inner\"><div class=\"wpb_wrapper\"><figure class=\"side-image\" > <img decoding=\"async\" src=\"https:\/\/mides.com.sv\/wp-content\/uploads\/2021\/08\/Transferencia3.jpg\" alt=\"\">\n\n\t\n\t\t\n\t\n<\/figure>\n<\/div><\/div><\/div><\/div><\/div><\/div><\/div><\/div><div class=\"vc_row-full-width vc_clearfix\"><\/div><\/div><div class=\"container\"><div data-vc-full-width=\"true\" data-vc-full-width-init=\"false\" class=\"vc_row wpb_row vc_row-fluid vc_custom_1629666323515\"><div class=\"wpb_column vc_column_container vc_col-sm-12\"><div class=\"vc_column-inner\"><div class=\"wpb_wrapper\"><div class=\"vc_row wpb_row vc_inner vc_row-fluid\"><div class=\"wpb_column vc_column_container vc_col-sm-12\"><div class=\"vc_column-inner\"><div class=\"wpb_wrapper\"><div class=\"section-title\"  style='color:#212529;' >\n\t\n\t\n\t\n\t\n\t \t<figure> <img decoding=\"async\" src=\"https:\/\/mides.com.sv\/wp-content\/themes\/seodo\/images\/section-title-shape.png\" alt=\"Image\"> <\/figure>\n\t\t\n    <h6> Desechos <\/h6>\n      <h2>Waste sorting<\/h2>\n  \t\n\t <\/div>\n<\/div><\/div><\/div><\/div><div class=\"vc_row wpb_row vc_inner vc_row-fluid vc_row-o-content-middle vc_row-flex\"><div class=\"wpb_column vc_column_container vc_col-sm-6\"><div class=\"vc_column-inner\"><div class=\"wpb_wrapper\">\n\n\n\n<div class=\"side-content left\" >\n  \t<h2>Acceptable Waste<\/h2>\n<ol>\n<li>Solid waste such as household garbage, construction debris, etc.<\/li>\n<li>Non-hazardous solid waste from pulp and paper mills and sawmills,<\/li>\n<li>Infectious biological waste treated through sterilization processes.\n<ul>\n<li>Food waste.<\/li>\n<li>Plasters and other solid substances rejected.<\/li>\n<li>Uncrushed tires.<\/li>\n<\/ul>\n<\/li>\n<\/ol>\n<ul>\n<li style=\"list-style-type: none;\"><\/li>\n<\/ul>\n      <\/div>\n<\/div><\/div><\/div><div class=\"wpb_column vc_column_container vc_col-sm-6\"><div class=\"vc_column-inner\"><div class=\"wpb_wrapper\"><figure class=\"side-image\" > <img decoding=\"async\" src=\"https:\/\/mides.com.sv\/wp-content\/uploads\/2021\/08\/Tratamiento06.jpg\" alt=\"\">\n\n\t\n\t\t\n\t\n<\/figure>\n<\/div><\/div><\/div><\/div><\/div><\/div><\/div><\/div><div class=\"vc_row-full-width vc_clearfix\"><\/div><\/div><section  class=\"content-section\" ><div class=\"container\"><div data-vc-full-width=\"true\" data-vc-full-width-init=\"false\" class=\"vc_row wpb_row vc_row-fluid vc_custom_1629666353941 vc_row-has-fill\"><div class=\"wpb_column vc_column_container vc_col-sm-12\"><div class=\"vc_column-inner\"><div class=\"wpb_wrapper\"><div class=\"vc_row wpb_row vc_inner vc_row-fluid vc_row-o-content-middle vc_row-flex\"><div class=\"wpb_column vc_column_container vc_col-sm-6\"><div class=\"vc_column-inner\"><div class=\"wpb_wrapper\"><figure class=\"side-image\" > <img decoding=\"async\" src=\"https:\/\/mides.com.sv\/wp-content\/uploads\/2021\/08\/Tratamiento03.jpg\" alt=\"\">\n\n\t\n\t\t\n\t\n<\/figure>\n<\/div><\/div><\/div><div class=\"wpb_column vc_column_container vc_col-sm-6\"><div class=\"vc_column-inner\"><div class=\"wpb_wrapper\">\n\n\n\n<div class=\"side-content left\" >\n  \t<h2>Special Waste<\/h2>\n<ol>\n<li>Non-hazardous sludge that can be loaded onto shovels.<\/li>\n<li>Non-hazardous wastes resulting from industrial processes, tannery activities, oil refining, metallurgy, mining chemistry, organic chemistry, surface treatment and coating.<\/li>\n<li>Residues from incineration or heat processes.<\/li>\n<\/ol>\n      <\/div>\n<\/div><\/div><\/div><\/div><\/div><\/div><\/div><\/div><div class=\"vc_row-full-width vc_clearfix\"><\/div><\/div><\/section>","protected":false},"excerpt":{"rendered":"\u00bfC\u00f3mo lo hacemos? En MIDES brindamos el servicio de recolecci\u00f3n y disposici\u00f3n final de diferentes tipos de desechos, conforme lo aprobado por el Ministerio de Medio Ambiente y Recursos Naturales [...]","protected":false},"author":2,"featured_media":0,"parent":0,"menu_order":0,"comment_status":"closed","ping_status":"closed","template":"page-builder.php","meta":{"footnotes":""},"class_list":["post-874","page","type-page","status-publish","hentry"],"_links":{"self":[{"href":"https:\/\/mides.com.sv\/en\/wp-json\/wp\/v2\/pages\/874","targetHints":{"allow":["GET"]}}],"collection":[{"href":"https:\/\/mides.com.sv\/en\/wp-json\/wp\/v2\/pages"}],"about":[{"href":"https:\/\/mides.com.sv\/en\/wp-json\/wp\/v2\/types\/page"}],"author":[{"embeddable":true,"href":"https:\/\/mides.com.sv\/en\/wp-json\/wp\/v2\/users\/2"}],"replies":[{"embeddable":true,"href":"https:\/\/mides.com.sv\/en\/wp-json\/wp\/v2\/comments?post=874"}],"version-history":[{"count":0,"href":"https:\/\/mides.com.sv\/en\/wp-json\/wp\/v2\/pages\/874\/revisions"}],"wp:attachment":[{"href":"https:\/\/mides.com.sv\/en\/wp-json\/wp\/v2\/media?parent=874"}],"curies":[{"name":"wp","href":"https:\/\/api.w.org\/{rel}","templated":true}]}}