{"id":851,"date":"2021-08-18T22:04:37","date_gmt":"2021-08-18T22:04:37","guid":{"rendered":"http:\/\/descargamanual.com\/sitios\/mides\/about-copy\/"},"modified":"2021-08-18T22:04:37","modified_gmt":"2021-08-18T22:04:37","slug":"mides","status":"publish","type":"page","link":"https:\/\/mides.com.sv\/en\/mides\/","title":{"rendered":"MIDES"},"content":{"rendered":"<section  class=\"content-section no-spacing\" ><div class=\"container\"><div class=\"vc_row wpb_row vc_row-fluid vc_custom_1629302128163\"><div class=\"wpb_column vc_column_container vc_col-sm-12\"><div class=\"vc_column-inner\"><div class=\"wpb_wrapper\"><div class=\"vc_row wpb_row vc_inner vc_row-fluid\"><div class=\"wpb_column vc_column_container vc_col-sm-12\"><div class=\"vc_column-inner\"><div class=\"wpb_wrapper\"><\/div><\/div><\/div><\/div><div class=\"vc_row wpb_row vc_inner vc_row-fluid vc_custom_1629304440141 vc_row-o-content-middle vc_row-flex\"><div class=\"wpb_column vc_column_container vc_col-sm-12 vc_col-md-6\"><div class=\"vc_column-inner\"><div class=\"wpb_wrapper\">\n\n\n\n<div class=\"side-content left\" >\n  \t<h2>ABOUT US<\/h2>\n<p>Somos el relleno sanitario ma\u0301s grande de El Salvador, administrado por una Sociedad de Economi\u0301a Mixta conformada de inversionistas de capital privado y el Consejo de Alcaldes del A\u0301rea Metropolitana de San Salvador (COAMSS), que aglutina 14 alcald\u00edas.<\/p>\n      <\/div>\n<\/div><\/div><\/div><div class=\"wpb_column vc_column_container vc_col-sm-12 vc_col-md-6\"><div class=\"vc_column-inner\"><div class=\"wpb_wrapper\"><\/div><\/div><\/div><\/div><\/div><\/div><\/div><\/div><\/div><\/section><section  class=\"content-section bottom-white-space\" style=\"background-color: #fbf7f4;\"><div class=\"container\"><div class=\"vc_row wpb_row vc_row-fluid\"><div class=\"wpb_column vc_column_container vc_col-sm-12\"><div class=\"vc_column-inner\"><div class=\"wpb_wrapper\"><div class=\"vc_row wpb_row vc_inner vc_row-fluid\"><div class=\"wpb_column vc_column_container vc_col-sm-12\"><div class=\"vc_column-inner\"><div class=\"wpb_wrapper\"><div class=\"section-title\"  style='color:#212529;' >\n\t\n\t\n\t\n\t\n\t \t<figure> <img decoding=\"async\" src=\"https:\/\/mides.com.sv\/wp-content\/themes\/seodo\/images\/section-title-shape.png\" alt=\"Image\"> <\/figure>\n\t\t\n    <h6> Conoce <\/h6>\n      <h2>Our services<\/h2>\n  \t\n\t <\/div>\n<\/div><\/div><\/div><\/div><div class=\"vc_row wpb_row vc_inner vc_row-fluid\"><div class=\"wpb_column vc_column_container vc_col-sm-6\"><div class=\"vc_column-inner\"><div class=\"wpb_wrapper\"><div class=\"icon-box  left\" >\n  <figure> <img decoding=\"async\" src=\"https:\/\/mides.com.sv\/wp-content\/uploads\/2020\/10\/icon01.png\" alt=\"icon01\"> <\/figure>\n  <div class=\"content\">\n        <h6>MISION<\/h6>\n<p>To be a leader in Comprehensive Waste Management, making El Salvador the Model to follow for the Protection of Health and the Environment in Central America.<\/p>\n      <\/div>\n  <!-- end content --> \n  \n<\/div>\n<\/div><\/div><\/div><div class=\"wpb_column vc_column_container vc_col-sm-6\"><div class=\"vc_column-inner\"><div class=\"wpb_wrapper\"><div class=\"icon-box  left\" >\n  <figure> <img decoding=\"async\" src=\"https:\/\/mides.com.sv\/wp-content\/uploads\/2020\/10\/icon04.png\" alt=\"icon04\"> <\/figure>\n  <div class=\"content\">\n        <h6>VISION<\/h6>\n<p>Improve the quality of life of the Salvadoran population through the integral management of solid waste with cutting-edge technology.<\/p>\n      <\/div>\n  <!-- end content --> \n  \n<\/div>\n<\/div><\/div><\/div><\/div><\/div><\/div><\/div><\/div><\/div><\/section><section  class=\"content-section\" ><div class=\"container\"><div class=\"vc_row wpb_row vc_row-fluid\"><div class=\"wpb_column vc_column_container vc_col-sm-12\"><div class=\"vc_column-inner\"><div class=\"wpb_wrapper\"><div class=\"vc_row wpb_row vc_inner vc_row-fluid\"><div class=\"wpb_column vc_column_container vc_col-sm-12\"><div class=\"vc_column-inner\"><div class=\"wpb_wrapper\"><div class=\"section-title\"  style='color:#212529;' >\n\t\n\t\n\t\n\t\n\t \t<figure> <img decoding=\"async\" src=\"https:\/\/mides.com.sv\/wp-content\/themes\/seodo\/images\/section-title-shape.png\" alt=\"Image\"> <\/figure>\n\t\t\n    <h6> Conoce <\/h6>\n      <h2>Our waste treatment<\/h2>\n  \t\n\t <\/div>\n<\/div><\/div><\/div><\/div><div class=\"vc_row wpb_row vc_inner vc_row-fluid\"><div class=\"wpb_column vc_column_container vc_col-sm-6 vc_col-md-3\"><div class=\"vc_column-inner\"><div class=\"wpb_wrapper\"><div class=\"circle-icon-box\" >\n  <figure> <img decoding=\"async\" src=\"https:\/\/mides.com.sv\/wp-content\/uploads\/2021\/08\/Recoleccion.png\" alt=\"Recoleccion\"> <\/figure>\n    <p>We started with the collection of waste, throughout the different parts of the country.<\/p>\n  <\/div>\n<\/div><\/div><\/div><div class=\"wpb_column vc_column_container vc_col-sm-6 vc_col-md-3\"><div class=\"vc_column-inner\"><div class=\"wpb_wrapper\"><div class=\"circle-icon-box\" >\n  <figure> <img decoding=\"async\" src=\"https:\/\/mides.com.sv\/wp-content\/uploads\/2021\/08\/Relleno.png\" alt=\"Relleno\"> <\/figure>\n    <p>We transport the waste to the different landfills.<\/p>\n  <\/div>\n<\/div><\/div><\/div><div class=\"wpb_column vc_column_container vc_col-sm-6 vc_col-md-3\"><div class=\"vc_column-inner\"><div class=\"wpb_wrapper\"><div class=\"circle-icon-box\" >\n  <figure> <img decoding=\"async\" src=\"https:\/\/mides.com.sv\/wp-content\/uploads\/2021\/08\/Tratamiento.png\" alt=\"Tratamiento\"> <\/figure>\n    <p>Desarrollo diferentes procesos seg\u00fan el tipo de desechos, garantizando el cuido del medio ambiente.<\/p>\n  <\/div>\n<\/div><\/div><\/div><div class=\"wpb_column vc_column_container vc_col-sm-6 vc_col-md-3\"><div class=\"vc_column-inner\"><div class=\"wpb_wrapper\"><div class=\"circle-icon-box\" >\n  <figure> <img decoding=\"async\" src=\"https:\/\/mides.com.sv\/wp-content\/uploads\/2021\/08\/Energia.png\" alt=\"Energia\"> <\/figure>\n    <p>Waste goes through a process to be converted into energy.<\/p>\n  <\/div>\n<\/div><\/div><\/div><\/div><\/div><\/div><\/div><\/div><\/div><\/section><section  class=\"content-section\" style=\"background-color: #009a4e;\"><div class=\"container\"><div class=\"vc_row wpb_row vc_row-fluid\"><div class=\"wpb_column vc_column_container vc_col-sm-12 vc_col-md-12\"><div class=\"vc_column-inner\"><div class=\"wpb_wrapper\"><h2 style=\"font-size: 50px;color: #ffffff;text-align: center\" class=\"vc_custom_heading vc_custom_1629312274062\" >Nuestro Blog<\/h2>\n<div class=\"vc_grid-container-wrapper vc_clearfix vc_grid-animation-fadeIn\">\n\t<div class=\"vc_grid-container vc_clearfix wpb_content_element vc_basic_grid\" data-initial-loading-animation=\"fadeIn\" data-vc-grid-settings=\"{&quot;page_id&quot;:851,&quot;style&quot;:&quot;all&quot;,&quot;action&quot;:&quot;vc_get_vc_grid_data&quot;,&quot;shortcode_id&quot;:&quot;1629324460529-609f62a3-3944-5&quot;,&quot;tag&quot;:&quot;vc_basic_grid&quot;}\" data-vc-request=\"https:\/\/mides.com.sv\/wp-admin\/admin-ajax.php\" data-vc-post-id=\"851\" data-vc-public-nonce=\"fc7379e053\">\n\t\t<style data-type=\"vc_shortcodes-custom-css\">.vc_custom_1419240516480{background-color: #f9f9f9 !important;}<\/style><div class=\"vc_grid vc_row vc_grid-gutter-30px vc_pageable-wrapper vc_hook_hover\" data-vc-pageable-content=\"true\"><div class=\"vc_pageable-slide-wrapper vc_clearfix\" data-vc-grid-content=\"true\"><div class=\"vc_grid-item vc_clearfix vc_col-sm-4 vc_grid-item-zone-c-bottom\"><div class=\"vc_grid-item-mini vc_clearfix\"><div class=\"vc_gitem-animated-block\" ><div class=\"vc_gitem-zone vc_gitem-zone-a vc-gitem-zone-height-mode-auto vc-gitem-zone-height-mode-auto-1-1 vc_gitem-is-link\" style=\"background-image: url('https:\/\/mides.com.sv\/wp-content\/uploads\/2021\/08\/Blog4-1024x576.jpg') !important;\"><a href=\"https:\/\/mides.com.sv\/en\/2021\/08\/21\/tipos-de-desechos-solidos-considerados-en-la-ley-salvadorena\/\" title=\"Types of solid waste considered in Salvadoran law\" class=\"vc_gitem-link vc-zone-link\"><\/a><img decoding=\"async\" src=\"https:\/\/mides.com.sv\/wp-content\/uploads\/2021\/08\/Blog4-1024x576.jpg\" class=\"vc_gitem-zone-img\" alt=\"\"><div class=\"vc_gitem-zone-mini\"><\/div><\/div><\/div><div class=\"vc_gitem-zone vc_gitem-zone-c vc_custom_1419240516480\"><div class=\"vc_gitem-zone-mini\"><div class=\"vc_gitem_row vc_row vc_gitem-row-position-top\"><div class=\"vc_col-sm-12 vc_gitem-col vc_gitem-col-align-\"><div class=\"vc_custom_heading vc_gitem-post-data vc_gitem-post-data-source-post_title\" ><h4 style=\"text-align: left\" >Types of solid waste considered in Salvadoran law<\/h4><\/div><div class=\"vc_custom_heading vc_gitem-post-data vc_gitem-post-data-source-post_excerpt\" ><p style=\"text-align: left\" ><p>A lo largo de los a\u00f1os, el manejo de los desechos ha sido una problem\u00e1tica que vulnera la salud p\u00fablica en el territorio salvadore\u00f1o. Lo anterior, plante\u00f3 la necesidad de [&hellip;]<\/p>\n<\/p><\/div><div class=\"vc_btn3-container vc_btn3-left\"><a class=\"vc_general vc_btn3 vc_btn3-size-md vc_btn3-shape-rounded vc_btn3-style-flat vc_btn3-color-juicy-pink\" a href=\"https:\/\/mides.com.sv\/en\/2021\/08\/21\/tipos-de-desechos-solidos-considerados-en-la-ley-salvadorena\/\" title=\"Read more\">Read more<\/a><\/div><\/div><\/div><\/div><\/div><\/div><div class=\"vc_clearfix\"><\/div><\/div><div class=\"vc_grid-item vc_clearfix vc_col-sm-4 vc_grid-item-zone-c-bottom\"><div class=\"vc_grid-item-mini vc_clearfix\"><div class=\"vc_gitem-animated-block\" ><div class=\"vc_gitem-zone vc_gitem-zone-a vc-gitem-zone-height-mode-auto vc-gitem-zone-height-mode-auto-1-1 vc_gitem-is-link\" style=\"background-image: url('https:\/\/mides.com.sv\/wp-content\/uploads\/2021\/08\/Blog3-1024x576.jpg') !important;\"><a href=\"https:\/\/mides.com.sv\/en\/2021\/08\/21\/que-hacer-cuando-desechamos-un-vidrio-quebrado\/\" title=\"What to do when we discard a broken glass?\" class=\"vc_gitem-link vc-zone-link\"><\/a><img decoding=\"async\" src=\"https:\/\/mides.com.sv\/wp-content\/uploads\/2021\/08\/Blog3-1024x576.jpg\" class=\"vc_gitem-zone-img\" alt=\"\"><div class=\"vc_gitem-zone-mini\"><\/div><\/div><\/div><div class=\"vc_gitem-zone vc_gitem-zone-c vc_custom_1419240516480\"><div class=\"vc_gitem-zone-mini\"><div class=\"vc_gitem_row vc_row vc_gitem-row-position-top\"><div class=\"vc_col-sm-12 vc_gitem-col vc_gitem-col-align-\"><div class=\"vc_custom_heading vc_gitem-post-data vc_gitem-post-data-source-post_title\" ><h4 style=\"text-align: left\" >What to do when we discard a broken glass?<\/h4><\/div><div class=\"vc_custom_heading vc_gitem-post-data vc_gitem-post-data-source-post_excerpt\" ><p style=\"text-align: left\" ><p>El vidrio es uno de los materiales que se pueden reciclar al 100%, es un desecho que por sus caracter\u00edsticas es f\u00e1cilmente recuperable; adem\u00e1s, este aminora 25% la contaminaci\u00f3n del [&hellip;]<\/p>\n<\/p><\/div><div class=\"vc_btn3-container vc_btn3-left\"><a class=\"vc_general vc_btn3 vc_btn3-size-md vc_btn3-shape-rounded vc_btn3-style-flat vc_btn3-color-juicy-pink\" a href=\"https:\/\/mides.com.sv\/en\/2021\/08\/21\/que-hacer-cuando-desechamos-un-vidrio-quebrado\/\" title=\"Read more\">Read more<\/a><\/div><\/div><\/div><\/div><\/div><\/div><div class=\"vc_clearfix\"><\/div><\/div><div class=\"vc_grid-item vc_clearfix vc_col-sm-4 vc_grid-item-zone-c-bottom\"><div class=\"vc_grid-item-mini vc_clearfix\"><div class=\"vc_gitem-animated-block\" ><div class=\"vc_gitem-zone vc_gitem-zone-a vc-gitem-zone-height-mode-auto vc-gitem-zone-height-mode-auto-1-1 vc_gitem-is-link\" style=\"background-image: url('https:\/\/mides.com.sv\/wp-content\/uploads\/2021\/08\/Blog2-1024x576.jpg') !important;\"><a href=\"https:\/\/mides.com.sv\/en\/2021\/08\/21\/como-le-aportamos-valor-y-usabilidad-a-los-desechos-solidos\/\" title=\"How do we add value and usability to solid waste?\" class=\"vc_gitem-link vc-zone-link\"><\/a><img decoding=\"async\" src=\"https:\/\/mides.com.sv\/wp-content\/uploads\/2021\/08\/Blog2-1024x576.jpg\" class=\"vc_gitem-zone-img\" alt=\"\"><div class=\"vc_gitem-zone-mini\"><\/div><\/div><\/div><div class=\"vc_gitem-zone vc_gitem-zone-c vc_custom_1419240516480\"><div class=\"vc_gitem-zone-mini\"><div class=\"vc_gitem_row vc_row vc_gitem-row-position-top\"><div class=\"vc_col-sm-12 vc_gitem-col vc_gitem-col-align-\"><div class=\"vc_custom_heading vc_gitem-post-data vc_gitem-post-data-source-post_title\" ><h4 style=\"text-align: left\" >How do we add value and usability to solid waste?<\/h4><\/div><div class=\"vc_custom_heading vc_gitem-post-data vc_gitem-post-data-source-post_excerpt\" ><p style=\"text-align: left\" ><p>En El Salvador se generan 3,676 toneladas diarias de residuos s\u00f3lidos, de lo cual \u00fanicamente el 5% es dispuesto a reciclaje, ya sea \u00e9stos recuperados por las personas trabajadoras del [&hellip;]<\/p>\n<\/p><\/div><div class=\"vc_btn3-container vc_btn3-left\"><a class=\"vc_general vc_btn3 vc_btn3-size-md vc_btn3-shape-rounded vc_btn3-style-flat vc_btn3-color-juicy-pink\" a href=\"https:\/\/mides.com.sv\/en\/2021\/08\/21\/como-le-aportamos-valor-y-usabilidad-a-los-desechos-solidos\/\" title=\"Read more\">Read more<\/a><\/div><\/div><\/div><\/div><\/div><\/div><div class=\"vc_clearfix\"><\/div><\/div><\/div><\/div>\n\t<\/div>\n<\/div><\/div><\/div><\/div><\/div><\/div><\/section>","protected":false},"excerpt":{"rendered":"QUIE\u0301NES SOMOS Somos el relleno sanitario ma\u0301s grande de El Salvador, administrado por una Sociedad de Economi\u0301a Mixta conformada de inversionistas de capital privado y el Consejo de Alcaldes del [...]","protected":false},"author":2,"featured_media":0,"parent":0,"menu_order":0,"comment_status":"closed","ping_status":"closed","template":"page-builder.php","meta":{"footnotes":""},"class_list":["post-851","page","type-page","status-publish","hentry"],"_links":{"self":[{"href":"https:\/\/mides.com.sv\/en\/wp-json\/wp\/v2\/pages\/851","targetHints":{"allow":["GET"]}}],"collection":[{"href":"https:\/\/mides.com.sv\/en\/wp-json\/wp\/v2\/pages"}],"about":[{"href":"https:\/\/mides.com.sv\/en\/wp-json\/wp\/v2\/types\/page"}],"author":[{"embeddable":true,"href":"https:\/\/mides.com.sv\/en\/wp-json\/wp\/v2\/users\/2"}],"replies":[{"embeddable":true,"href":"https:\/\/mides.com.sv\/en\/wp-json\/wp\/v2\/comments?post=851"}],"version-history":[{"count":0,"href":"https:\/\/mides.com.sv\/en\/wp-json\/wp\/v2\/pages\/851\/revisions"}],"wp:attachment":[{"href":"https:\/\/mides.com.sv\/en\/wp-json\/wp\/v2\/media?parent=851"}],"curies":[{"name":"wp","href":"https:\/\/api.w.org\/{rel}","templated":true}]}}